{"id":107,"date":"2022-05-21T19:47:24","date_gmt":"2022-05-21T17:47:24","guid":{"rendered":"http:\/\/nonalajonctionest.info\/?page_id=107"},"modified":"2022-05-29T22:44:09","modified_gmt":"2022-05-29T20:44:09","slug":"signez-la-petition-en-ligne","status":"publish","type":"page","link":"https:\/\/nonalajonctionest.info\/index.php\/signez-la-petition-en-ligne\/","title":{"rendered":"La p\u00e9tition"},"content":{"rendered":"\n<p>Merci de soutenir et relayer notre <a href=\"https:\/\/chng.it\/T7gCKB6fWf\">p\u00e9tition<\/a> contre la Jonction Est, un projet anachronique, inutile, climaticide, polluant qui d\u00e9grade la qualit\u00e9 de vie des habitant.e.s ! <\/p>\n","protected":false},"excerpt":{"rendered":"<p>Merci de soutenir et relayer notre p\u00e9tition contre la Jonction Est, un projet anachronique, inutile, climaticide, polluant qui d\u00e9grade la qualit\u00e9 de vie des habitant.e.s !<\/p>\n","protected":false},"author":3,"featured_media":0,"parent":0,"menu_order":0,"comment_status":"closed","ping_status":"closed","template":"","meta":{"site-sidebar-layout":"default","site-content-layout":"default","ast-global-header-display":"","ast-main-header-display":"","ast-hfb-above-header-display":"","ast-hfb-below-header-display":"","ast-hfb-mobile-header-display":"","site-post-title":"","ast-breadcrumbs-content":"","ast-featured-img":"","footer-sml-layout":"","theme-transparent-header-meta":"","adv-header-id-meta":"","stick-header-meta":"","header-above-stick-meta":"","header-main-stick-meta":"","header-below-stick-meta":"","footnotes":""},"class_list":["post-107","page","type-page","status-publish","hentry"],"_links":{"self":[{"href":"https:\/\/nonalajonctionest.info\/index.php\/wp-json\/wp\/v2\/pages\/107","targetHints":{"allow":["GET"]}}],"collection":[{"href":"https:\/\/nonalajonctionest.info\/index.php\/wp-json\/wp\/v2\/pages"}],"about":[{"href":"https:\/\/nonalajonctionest.info\/index.php\/wp-json\/wp\/v2\/types\/page"}],"author":[{"embeddable":true,"href":"https:\/\/nonalajonctionest.info\/index.php\/wp-json\/wp\/v2\/users\/3"}],"replies":[{"embeddable":true,"href":"https:\/\/nonalajonctionest.info\/index.php\/wp-json\/wp\/v2\/comments?post=107"}],"version-history":[{"count":4,"href":"https:\/\/nonalajonctionest.info\/index.php\/wp-json\/wp\/v2\/pages\/107\/revisions"}],"predecessor-version":[{"id":140,"href":"https:\/\/nonalajonctionest.info\/index.php\/wp-json\/wp\/v2\/pages\/107\/revisions\/140"}],"wp:attachment":[{"href":"https:\/\/nonalajonctionest.info\/index.php\/wp-json\/wp\/v2\/media?parent=107"}],"curies":[{"name":"wp","href":"https:\/\/api.w.org\/{rel}","templated":true}]}}