{"id":117,"date":"2022-05-29T21:55:39","date_gmt":"2022-05-29T19:55:39","guid":{"rendered":"http:\/\/nonalajonctionest.info\/?page_id=117"},"modified":"2022-05-29T22:42:21","modified_gmt":"2022-05-29T20:42:21","slug":"le-projet-jonction-est","status":"publish","type":"page","link":"https:\/\/nonalajonctionest.info\/index.php\/le-projet-jonction-est\/","title":{"rendered":"Le projet \u00ab\u00a0Jonction Est\u00a0\u00bb"},"content":{"rendered":"\n<p>La \u00ab\u00a0Jonction Est\u00a0\u00bb est un <strong>projet de nouvel \u00e9changeur entre les sorties 17 et 18<\/strong> de la rocade toulousaine au niveau de la Cit\u00e9 de l\u2019Espace.<br>Le projet se d\u00e9cline en <br>1) <strong>Deux ponts<\/strong> &#8211; \u00e0 l\u2019image de ceux de la sortie 16 Balma-Gramont.<br>2) <strong>L&rsquo;\u00e9largissement du p\u00e9riph\u00e9rique<\/strong> \u00e0 2\u00d74 voies  entre les deux sorties actuelles en raison de la proximit\u00e9 du nouvel \u00e9changeur avec celles-ci<br>3) Des voies d&rsquo;acc\u00e8s \u00e0 ces ponts :<br>&#8211; C\u00f4t\u00e9 Toulouse, rue Maurice Hurel<br>&#8211; Cr\u00e9ation d\u2019une route 2\u00d72 voies pour relier le chemin de Ribaute, non loin de la clinique Croix du Sud (Quint-Fonsegrives).<\/p>\n","protected":false},"excerpt":{"rendered":"<p>La \u00ab\u00a0Jonction Est\u00a0\u00bb est un projet de nouvel \u00e9changeur entre les sorties 17 et 18 de la rocade toulousaine au niveau de la Cit\u00e9 de l\u2019Espace.Le projet se d\u00e9cline en 1) Deux ponts &#8211; \u00e0 l\u2019image de ceux de la sortie 16 Balma-Gramont.2) L&rsquo;\u00e9largissement du p\u00e9riph\u00e9rique \u00e0 2\u00d74 voies entre les deux sorties actuelles en &hellip;<\/p>\n<p class=\"read-more\"> <a class=\"\" href=\"https:\/\/nonalajonctionest.info\/index.php\/le-projet-jonction-est\/\"> <span class=\"screen-reader-text\">Le projet \u00ab\u00a0Jonction Est\u00a0\u00bb<\/span> Lire la suite\u00a0\u00bb<\/a><\/p>\n","protected":false},"author":2,"featured_media":0,"parent":0,"menu_order":0,"comment_status":"closed","ping_status":"closed","template":"","meta":{"site-sidebar-layout":"right-sidebar","site-content-layout":"content-boxed-container","ast-global-header-display":"","ast-main-header-display":"","ast-hfb-above-header-display":"","ast-hfb-below-header-display":"","ast-hfb-mobile-header-display":"","site-post-title":"disabled","ast-breadcrumbs-content":"","ast-featured-img":"disabled","footer-sml-layout":"","theme-transparent-header-meta":"","adv-header-id-meta":"","stick-header-meta":"","header-above-stick-meta":"","header-main-stick-meta":"","header-below-stick-meta":"","footnotes":""},"class_list":["post-117","page","type-page","status-publish","hentry"],"_links":{"self":[{"href":"https:\/\/nonalajonctionest.info\/index.php\/wp-json\/wp\/v2\/pages\/117","targetHints":{"allow":["GET"]}}],"collection":[{"href":"https:\/\/nonalajonctionest.info\/index.php\/wp-json\/wp\/v2\/pages"}],"about":[{"href":"https:\/\/nonalajonctionest.info\/index.php\/wp-json\/wp\/v2\/types\/page"}],"author":[{"embeddable":true,"href":"https:\/\/nonalajonctionest.info\/index.php\/wp-json\/wp\/v2\/users\/2"}],"replies":[{"embeddable":true,"href":"https:\/\/nonalajonctionest.info\/index.php\/wp-json\/wp\/v2\/comments?post=117"}],"version-history":[{"count":6,"href":"https:\/\/nonalajonctionest.info\/index.php\/wp-json\/wp\/v2\/pages\/117\/revisions"}],"predecessor-version":[{"id":139,"href":"https:\/\/nonalajonctionest.info\/index.php\/wp-json\/wp\/v2\/pages\/117\/revisions\/139"}],"wp:attachment":[{"href":"https:\/\/nonalajonctionest.info\/index.php\/wp-json\/wp\/v2\/media?parent=117"}],"curies":[{"name":"wp","href":"https:\/\/api.w.org\/{rel}","templated":true}]}}