{"id":123,"date":"2022-05-29T21:59:15","date_gmt":"2022-05-29T19:59:15","guid":{"rendered":"http:\/\/nonalajonctionest.info\/?page_id=123"},"modified":"2024-11-20T20:52:15","modified_gmt":"2024-11-20T19:52:15","slug":"ils-soutiennent-le-manifeste","status":"publish","type":"page","link":"https:\/\/nonalajonctionest.info\/index.php\/ils-soutiennent-le-manifeste\/","title":{"rendered":"Ils signent le manifeste"},"content":{"rendered":"\t\t<div data-elementor-type=\"wp-page\" data-elementor-id=\"123\" class=\"elementor elementor-123\">\n\t\t\t\t\t\t\t\t\t<section class=\"elementor-section elementor-top-section elementor-element elementor-element-633d6ef elementor-section-boxed elementor-section-height-default elementor-section-height-default\" data-id=\"633d6ef\" data-element_type=\"section\">\n\t\t\t\t\t\t<div class=\"elementor-container elementor-column-gap-default\">\n\t\t\t\t\t<div class=\"elementor-column elementor-col-100 elementor-top-column elementor-element elementor-element-6e5af07f\" data-id=\"6e5af07f\" data-element_type=\"column\">\n\t\t\t<div class=\"elementor-widget-wrap elementor-element-populated\">\n\t\t\t\t\t\t\t\t<div class=\"elementor-element elementor-element-300f1039 elementor-widget elementor-widget-text-editor\" data-id=\"300f1039\" data-element_type=\"widget\" data-widget_type=\"text-editor.default\">\n\t\t\t\t<div class=\"elementor-widget-container\">\n\t\t\t<style>\/*! elementor - v3.6.6 - 08-06-2022 *\/\n.elementor-widget-text-editor.elementor-drop-cap-view-stacked .elementor-drop-cap{background-color:#818a91;color:#fff}.elementor-widget-text-editor.elementor-drop-cap-view-framed .elementor-drop-cap{color:#818a91;border:3px solid;background-color:transparent}.elementor-widget-text-editor:not(.elementor-drop-cap-view-default) .elementor-drop-cap{margin-top:8px}.elementor-widget-text-editor:not(.elementor-drop-cap-view-default) .elementor-drop-cap-letter{width:1em;height:1em}.elementor-widget-text-editor .elementor-drop-cap{float:left;text-align:center;line-height:1;font-size:50px}.elementor-widget-text-editor .elementor-drop-cap-letter{display:inline-block}<\/style>\t\t\t\t<p><strong>Association 2 Pieds 2 Roues<\/strong><\/p>\n<p><!-- \/wp:paragraph --><\/p>\n<p><!-- wp:image {\"id\":212,\"width\":131,\"height\":101,\"sizeSlug\":\"full\",\"linkDestination\":\"custom\"} --><\/p>\n<figure><a href=\"https:\/\/2p2r.org\/\" target=\"_blank\" rel=\"noreferrer noopener\"><img loading=\"lazy\" decoding=\"async\" src=\"http:\/\/nonalajonctionest.info\/wp-content\/uploads\/2022\/06\/image.png\" alt=\"\" width=\"131\" height=\"101\" \/><\/a><\/figure>\n<p><!-- \/wp:image --><\/p>\n<p><!-- wp:paragraph --><\/p>\n<p>L\u2019association 2 Pieds 2 Roues est une association ind\u00e9pendante qui milite sur Toulouse et son agglom\u00e9ration depuis 1981 pour le d\u00e9veloppement du v\u00e9lo au quotidien et depuis 2013 pour le d\u00e9veloppement de la marche en ville.<\/p>\n<p><!-- \/wp:paragraph --><\/p>\n<p><!-- wp:paragraph {\"textColor\":\"ast-global-color-0\"} --><\/p>\n<p><strong>Comit\u00e9 des quartiers de l&rsquo;Hers<\/strong><\/p>\n<p><!-- \/wp:paragraph --><\/p>\n<p><!-- wp:image {\"id\":216,\"width\":512,\"height\":92,\"sizeSlug\":\"large\",\"linkDestination\":\"custom\"} --><\/p>\n<figure><a href=\"http:\/\/quartier-hers.kazeo.com\/\" target=\"_blank\" rel=\"noreferrer noopener\"><img loading=\"lazy\" decoding=\"async\" src=\"http:\/\/nonalajonctionest.info\/wp-content\/uploads\/2022\/06\/image-1-1024x184.png\" alt=\"\" width=\"512\" height=\"92\" \/><\/a><\/figure>\n<p><!-- \/wp:image --><\/p>\n<p><!-- wp:paragraph --><\/p>\n<p>Le Comit\u00e9 de quartier de l&rsquo;Hers est constitu\u00e9 de b\u00e9n\u00e9voles. Il propose des am\u00e9nagements pour am\u00e9liorer le cadre de vie et des moments festifs, ainsi qu&rsquo;un journal, \u00ab\u00a0le petit Hers\u00a0\u00bb consacr\u00e9 aux quartiers Roucoule, Cit\u00e9 de l&rsquo;Hers, Rougenet, Ayga, Fontanelles, et Chaubet.<\/p>\n<p><!-- \/wp:paragraph --><\/p>\n<p><!-- wp:paragraph {\"textColor\":\"ast-global-color-0\"} --><\/p>\n<p><strong>Les Amis de la Terre<\/strong> <strong>Midi-Pyr\u00e9n\u00e9es<\/strong><\/p>\n<p><!-- \/wp:paragraph --><\/p>\n<p><!-- wp:image {\"id\":218,\"width\":91,\"height\":100,\"sizeSlug\":\"full\",\"linkDestination\":\"custom\"} --><\/p>\n<figure><a href=\"https:\/\/www.amisdelaterre.org\/groupe-local\/midi-pyrenees\/\" target=\"_blank\" rel=\"noreferrer noopener\"><img loading=\"lazy\" decoding=\"async\" src=\"http:\/\/nonalajonctionest.info\/wp-content\/uploads\/2022\/06\/image-3.png\" alt=\"\" width=\"91\" height=\"100\" \/><\/a><\/figure>\n<p><!-- \/wp:image --><\/p>\n<p><!-- wp:paragraph --><\/p>\n<p>Les Amis de la Terre militent pour une transition vers des soci\u00e9t\u00e9s soutenables au Nord comme au Sud. Notre approche int\u00e8gre \u00e0 la fois des probl\u00e9matiques sociales, \u00e9conomiques et environnementales.<\/p>\n<p><!-- \/wp:paragraph --><\/p>\n<p><!-- wp:paragraph {\"textColor\":\"ast-global-color-0\"} --><\/p>\n<p><strong>Autate<\/strong><\/p>\n<p><!-- \/wp:paragraph --><\/p>\n<p><!-- wp:image {\"id\":220,\"width\":512,\"height\":98,\"sizeSlug\":\"large\",\"linkDestination\":\"custom\"} --><\/p>\n<figure><a href=\"http:\/\/autate.fr\" target=\"_blank\" rel=\"noreferrer noopener\"><img loading=\"lazy\" decoding=\"async\" src=\"http:\/\/nonalajonctionest.info\/wp-content\/uploads\/2022\/06\/image-4-1024x195.png\" alt=\"\" width=\"512\" height=\"98\" \/><\/a><\/figure>\n<p><!-- \/wp:image --><\/p>\n<p><!-- wp:paragraph --><\/p>\n<p>Autate est l&rsquo;association des usagers des transports en commun de la M\u00e9tropole de Toulouse et ses environs. Elle poursuit deux objectifs importants : informer les usagers des transports et leur permettre d\u2019exprimer leurs difficult\u00e9s au quotidien, repr\u00e9senter les usagers aupr\u00e8s des instances et des pouvoirs publics.<a href=\"https:\/\/drive.google.com\/file\/d\/1Tvr2Qk3wL8NgYN6RX2t9K7_6M7fhhttps:\/\/drive.google.com\/file\/d\/1Tvr2Qk3wL8NgYN6RX2t9K7_6M7fW09RH\/view?usp=sharingttps:\/\/drive.google.com\/file\/d\/1Tvr2Qk3wL8NgYN6RX2t9K7_6M7fW09RH\/view?usp=sharingW09RH\/view?usp=sharing\"><br \/>L&rsquo;audate soutient notre collectif dans un texte o\u00f9 les projets routiers de Toulouse M\u00e9tropole sont d\u00e9nonc\u00e9s<\/a>.<\/p>\n<p><strong>EUSET<\/strong><\/p>\n<p><strong><a href=\"https:\/\/eusetoulouse.blogspot.com\/\" target=\"_blank\" rel=\"noreferrer noopener\"><img loading=\"lazy\" decoding=\"async\" class=\"alignnone wp-image-1115\" src=\"http:\/\/nonalajonctionest.info\/wp-content\/uploads\/2024\/11\/nouveau_logo_eusettransparent-300x206.png\" alt=\"\" width=\"175\" height=\"120\" srcset=\"https:\/\/nonalajonctionest.info\/wp-content\/uploads\/2024\/11\/nouveau_logo_eusettransparent-300x206.png 300w, https:\/\/nonalajonctionest.info\/wp-content\/uploads\/2024\/11\/nouveau_logo_eusettransparent.png 608w\" sizes=\"auto, (max-width: 175px) 100vw, 175px\" \/><\/a><br \/><\/strong><\/p>\n<p>L&rsquo;association EUSET a pour but la protection de l\u2019environnement et l\u2019am\u00e9lioration du cadre de vie des habitants des quartiers Terrasse, Limayrac, Grande Plaine, Ribaute et A\u00e9rodrome de Lasbordes situ\u00e9s dans le sud-est de Toulouse.\u00a0 Elle est affili\u00e9e \u00e0 France Nature Environnement la f\u00e9d\u00e9ration fran\u00e7aise des associations de protection de la nature et de l\u2019environnement.<\/p>\n<p>\u00a0<\/p>\n<p><!-- \/wp:paragraph --><\/p>\t\t\t\t\t\t<\/div>\n\t\t\t\t<\/div>\n\t\t\t\t\t<\/div>\n\t\t<\/div>\n\t\t\t\t\t\t\t<\/div>\n\t\t<\/section>\n\t\t\t\t\t\t\t<\/div>\n\t\t","protected":false},"excerpt":{"rendered":"<p>Association 2 Pieds 2 Roues L\u2019association 2 Pieds 2 Roues est une association ind\u00e9pendante qui milite sur Toulouse et son agglom\u00e9ration depuis 1981 pour le d\u00e9veloppement du v\u00e9lo au quotidien et depuis 2013 pour le d\u00e9veloppement de la marche en ville. Comit\u00e9 des quartiers de l&rsquo;Hers Le Comit\u00e9 de quartier de l&rsquo;Hers est constitu\u00e9 de &hellip;<\/p>\n<p class=\"read-more\"> <a class=\"\" href=\"https:\/\/nonalajonctionest.info\/index.php\/ils-soutiennent-le-manifeste\/\"> <span class=\"screen-reader-text\">Ils signent le manifeste<\/span> Lire la suite\u00a0\u00bb<\/a><\/p>\n","protected":false},"author":2,"featured_media":0,"parent":0,"menu_order":0,"comment_status":"closed","ping_status":"closed","template":"","meta":{"site-sidebar-layout":"default","site-content-layout":"default","ast-global-header-display":"","ast-main-header-display":"","ast-hfb-above-header-display":"","ast-hfb-below-header-display":"","ast-hfb-mobile-header-display":"","site-post-title":"","ast-breadcrumbs-content":"","ast-featured-img":"","footer-sml-layout":"","theme-transparent-header-meta":"","adv-header-id-meta":"","stick-header-meta":"","header-above-stick-meta":"","header-main-stick-meta":"","header-below-stick-meta":"","footnotes":""},"class_list":["post-123","page","type-page","status-publish","hentry"],"_links":{"self":[{"href":"https:\/\/nonalajonctionest.info\/index.php\/wp-json\/wp\/v2\/pages\/123","targetHints":{"allow":["GET"]}}],"collection":[{"href":"https:\/\/nonalajonctionest.info\/index.php\/wp-json\/wp\/v2\/pages"}],"about":[{"href":"https:\/\/nonalajonctionest.info\/index.php\/wp-json\/wp\/v2\/types\/page"}],"author":[{"embeddable":true,"href":"https:\/\/nonalajonctionest.info\/index.php\/wp-json\/wp\/v2\/users\/2"}],"replies":[{"embeddable":true,"href":"https:\/\/nonalajonctionest.info\/index.php\/wp-json\/wp\/v2\/comments?post=123"}],"version-history":[{"count":29,"href":"https:\/\/nonalajonctionest.info\/index.php\/wp-json\/wp\/v2\/pages\/123\/revisions"}],"predecessor-version":[{"id":1172,"href":"https:\/\/nonalajonctionest.info\/index.php\/wp-json\/wp\/v2\/pages\/123\/revisions\/1172"}],"wp:attachment":[{"href":"https:\/\/nonalajonctionest.info\/index.php\/wp-json\/wp\/v2\/media?parent=123"}],"curies":[{"name":"wp","href":"https:\/\/api.w.org\/{rel}","templated":true}]}}