{"id":131,"date":"2022-05-29T22:10:37","date_gmt":"2022-05-29T20:10:37","guid":{"rendered":"http:\/\/nonalajonctionest.info\/?page_id=131"},"modified":"2022-05-29T22:10:37","modified_gmt":"2022-05-29T20:10:37","slug":"soutenez-nous","status":"publish","type":"page","link":"https:\/\/nonalajonctionest.info\/index.php\/soutenez-nous\/","title":{"rendered":"Soutenez-nous"},"content":{"rendered":"\n<p>Vous pouvez nous soutenir en signant notre p\u00e9tition, en la faisant suivre, en vous abonnant \u00e0 nos r\u00e9seaux, en participant aux r\u00e9unions du comit\u00e9 (en nous \u00e9crivant \u00e0 contact@nonalajonctionest.info).<br>Votre contribution financi\u00e8re est bienvenue pour couvrir nos frais (site web, tracts).<\/p>\n","protected":false},"excerpt":{"rendered":"<p>Vous pouvez nous soutenir en signant notre p\u00e9tition, en la faisant suivre, en vous abonnant \u00e0 nos r\u00e9seaux, en participant aux r\u00e9unions du comit\u00e9 (en nous \u00e9crivant \u00e0 contact@nonalajonctionest.info).Votre contribution financi\u00e8re est bienvenue pour couvrir nos frais (site web, tracts).<\/p>\n","protected":false},"author":2,"featured_media":0,"parent":0,"menu_order":0,"comment_status":"closed","ping_status":"closed","template":"","meta":{"site-sidebar-layout":"default","site-content-layout":"default","ast-global-header-display":"","ast-main-header-display":"","ast-hfb-above-header-display":"","ast-hfb-below-header-display":"","ast-hfb-mobile-header-display":"","site-post-title":"","ast-breadcrumbs-content":"","ast-featured-img":"","footer-sml-layout":"","theme-transparent-header-meta":"","adv-header-id-meta":"","stick-header-meta":"","header-above-stick-meta":"","header-main-stick-meta":"","header-below-stick-meta":"","footnotes":""},"class_list":["post-131","page","type-page","status-publish","hentry"],"_links":{"self":[{"href":"https:\/\/nonalajonctionest.info\/index.php\/wp-json\/wp\/v2\/pages\/131","targetHints":{"allow":["GET"]}}],"collection":[{"href":"https:\/\/nonalajonctionest.info\/index.php\/wp-json\/wp\/v2\/pages"}],"about":[{"href":"https:\/\/nonalajonctionest.info\/index.php\/wp-json\/wp\/v2\/types\/page"}],"author":[{"embeddable":true,"href":"https:\/\/nonalajonctionest.info\/index.php\/wp-json\/wp\/v2\/users\/2"}],"replies":[{"embeddable":true,"href":"https:\/\/nonalajonctionest.info\/index.php\/wp-json\/wp\/v2\/comments?post=131"}],"version-history":[{"count":1,"href":"https:\/\/nonalajonctionest.info\/index.php\/wp-json\/wp\/v2\/pages\/131\/revisions"}],"predecessor-version":[{"id":132,"href":"https:\/\/nonalajonctionest.info\/index.php\/wp-json\/wp\/v2\/pages\/131\/revisions\/132"}],"wp:attachment":[{"href":"https:\/\/nonalajonctionest.info\/index.php\/wp-json\/wp\/v2\/media?parent=131"}],"curies":[{"name":"wp","href":"https:\/\/api.w.org\/{rel}","templated":true}]}}