{"id":412,"date":"2022-11-03T19:22:09","date_gmt":"2022-11-03T18:22:09","guid":{"rendered":"http:\/\/nonalajonctionest.info\/?page_id=412"},"modified":"2022-11-04T18:57:26","modified_gmt":"2022-11-04T17:57:26","slug":"les-donnees","status":"publish","type":"page","link":"https:\/\/nonalajonctionest.info\/index.php\/les-donnees\/","title":{"rendered":"Les donn\u00e9es"},"content":{"rendered":"\t\t<div data-elementor-type=\"wp-page\" data-elementor-id=\"412\" class=\"elementor elementor-412\">\n\t\t\t\t\t\t\t\t\t<section class=\"elementor-section elementor-top-section elementor-element elementor-element-323ae9c8 elementor-section-boxed elementor-section-height-default elementor-section-height-default\" data-id=\"323ae9c8\" data-element_type=\"section\">\n\t\t\t\t\t\t<div class=\"elementor-container elementor-column-gap-default\">\n\t\t\t\t\t<div class=\"elementor-column elementor-col-100 elementor-top-column elementor-element elementor-element-20667fa4\" data-id=\"20667fa4\" data-element_type=\"column\">\n\t\t\t<div class=\"elementor-widget-wrap elementor-element-populated\">\n\t\t\t\t\t\t\t\t<div class=\"elementor-element elementor-element-5acd6a14 elementor-widget elementor-widget-text-editor\" data-id=\"5acd6a14\" data-element_type=\"widget\" data-widget_type=\"text-editor.default\">\n\t\t\t\t<div class=\"elementor-widget-container\">\n\t\t\t<style>\/*! elementor - v3.6.6 - 08-06-2022 *\/\n.elementor-widget-text-editor.elementor-drop-cap-view-stacked .elementor-drop-cap{background-color:#818a91;color:#fff}.elementor-widget-text-editor.elementor-drop-cap-view-framed .elementor-drop-cap{color:#818a91;border:3px solid;background-color:transparent}.elementor-widget-text-editor:not(.elementor-drop-cap-view-default) .elementor-drop-cap{margin-top:8px}.elementor-widget-text-editor:not(.elementor-drop-cap-view-default) .elementor-drop-cap-letter{width:1em;height:1em}.elementor-widget-text-editor .elementor-drop-cap{float:left;text-align:center;line-height:1;font-size:50px}.elementor-widget-text-editor .elementor-drop-cap-letter{display:inline-block}<\/style>\t\t\t\t<p><!-- wp:paragraph --><\/p>\n<p>Nous avons <a href=\"https:\/\/docs.google.com\/spreadsheets\/d\/1lYVbaOKRP0MrOssYDbaInpmbvkZTjnXFxICfz9oQtiI\/edit?usp=sharing\" target=\"_blank\" rel=\"noreferrer noopener\">consolid\u00e9, trait\u00e9 et publi\u00e9 les donn\u00e9es<\/a>, publiques, publi\u00e9es sur le site \u00ab\u00a0Je Participe\u00a0\u00bb de Toulouse M\u00e9tropole sur le mod\u00e8le opendata.<br><\/p>\n<p>Notes : plusieurs \u00e9l\u00e9ments sont \u00e0 prendre en compte pour lire ces donn\u00e9es<br><\/p>\n<p>1) Les contributions qui auraient \u00e9t\u00e9 envoy\u00e9es par mail \u00e0 Toulouse M\u00e9tropole ne sont pas publiques. Nous n&rsquo;en avons pas connaissance.<\/p>\n<p>2) L&rsquo;analyse des donn\u00e9es permet d&rsquo;identifier 2 propositions qui ont \u00e9t\u00e9 r\u00e9p\u00e9t\u00e9es plusieurs fois :<\/p>\n<ul>\n<li>\u00ab\u00a0Ce projet Jonction Est pr\u00e9sente de graves lacunes [&#8230;]\u00a0\u00bb est r\u00e9p\u00e9t\u00e9 13 fois<\/li>\n<li>\u00ab\u00a0En 2022, nous constatons [&#8230;]\u00a0\u00bb est r\u00e9p\u00e9t\u00e9 3 fois.<\/li>\n<\/ul>\n<p>3) Vinci Autoroutes est intervenu en cours de concertation en invitant ses abonn\u00e9s \u00e0 (bien) contribuer. L&rsquo;effet aurait \u00e9t\u00e9 un quasi doublement des contributions favorables&#8230; qui reste pour autant \u00e0 un niveau tr\u00e8s modeste.<\/p>\n<p>4) <a href=\"https:\/\/twitter.com\/JonctionEstCNon\/status\/1571398199591727104?s=20&amp;t=QHcKnksU-QqANa6DWNStOw\" target=\"_blank\">La pr\u00e9sentation du financement ne nous a pas toujours sembl\u00e9e factuelle ou \u00e9quilibr\u00e9e<\/a>. Toulouse M\u00e9tropole l&rsquo;a pris en compte en modifiant une formule mais sans en avertir les citoyens<br><\/p>\n<p><\/p>\n<p><!-- \/wp:paragraph --><\/p>\t\t\t\t\t\t<\/div>\n\t\t\t\t<\/div>\n\t\t\t\t\t<\/div>\n\t\t<\/div>\n\t\t\t\t\t\t\t<\/div>\n\t\t<\/section>\n\t\t\t\t\t\t\t<\/div>\n\t\t","protected":false},"excerpt":{"rendered":"<p>Nous avons consolid\u00e9, trait\u00e9 et publi\u00e9 les donn\u00e9es, publiques, publi\u00e9es sur le site \u00ab\u00a0Je Participe\u00a0\u00bb de Toulouse M\u00e9tropole sur le mod\u00e8le opendata. Notes : plusieurs \u00e9l\u00e9ments sont \u00e0 prendre en compte pour lire ces donn\u00e9es 1) Les contributions qui auraient \u00e9t\u00e9 envoy\u00e9es par mail \u00e0 Toulouse M\u00e9tropole ne sont pas publiques. Nous n&rsquo;en avons pas &hellip;<\/p>\n<p class=\"read-more\"> <a class=\"\" href=\"https:\/\/nonalajonctionest.info\/index.php\/les-donnees\/\"> <span class=\"screen-reader-text\">Les donn\u00e9es<\/span> Lire la suite\u00a0\u00bb<\/a><\/p>\n","protected":false},"author":2,"featured_media":0,"parent":0,"menu_order":0,"comment_status":"closed","ping_status":"closed","template":"","meta":{"site-sidebar-layout":"default","site-content-layout":"default","ast-global-header-display":"","ast-main-header-display":"","ast-hfb-above-header-display":"","ast-hfb-below-header-display":"","ast-hfb-mobile-header-display":"","site-post-title":"","ast-breadcrumbs-content":"","ast-featured-img":"","footer-sml-layout":"","theme-transparent-header-meta":"","adv-header-id-meta":"","stick-header-meta":"","header-above-stick-meta":"","header-main-stick-meta":"","header-below-stick-meta":"","footnotes":""},"class_list":["post-412","page","type-page","status-publish","hentry"],"_links":{"self":[{"href":"https:\/\/nonalajonctionest.info\/index.php\/wp-json\/wp\/v2\/pages\/412","targetHints":{"allow":["GET"]}}],"collection":[{"href":"https:\/\/nonalajonctionest.info\/index.php\/wp-json\/wp\/v2\/pages"}],"about":[{"href":"https:\/\/nonalajonctionest.info\/index.php\/wp-json\/wp\/v2\/types\/page"}],"author":[{"embeddable":true,"href":"https:\/\/nonalajonctionest.info\/index.php\/wp-json\/wp\/v2\/users\/2"}],"replies":[{"embeddable":true,"href":"https:\/\/nonalajonctionest.info\/index.php\/wp-json\/wp\/v2\/comments?post=412"}],"version-history":[{"count":13,"href":"https:\/\/nonalajonctionest.info\/index.php\/wp-json\/wp\/v2\/pages\/412\/revisions"}],"predecessor-version":[{"id":498,"href":"https:\/\/nonalajonctionest.info\/index.php\/wp-json\/wp\/v2\/pages\/412\/revisions\/498"}],"wp:attachment":[{"href":"https:\/\/nonalajonctionest.info\/index.php\/wp-json\/wp\/v2\/media?parent=412"}],"curies":[{"name":"wp","href":"https:\/\/api.w.org\/{rel}","templated":true}]}}