{"id":415,"date":"2022-11-04T08:04:29","date_gmt":"2022-11-04T07:04:29","guid":{"rendered":"http:\/\/nonalajonctionest.info\/?page_id=415"},"modified":"2022-11-04T18:12:55","modified_gmt":"2022-11-04T17:12:55","slug":"94-de-contributions-defavorables","status":"publish","type":"page","link":"https:\/\/nonalajonctionest.info\/index.php\/94-de-contributions-defavorables\/","title":{"rendered":"94% de contributions d\u00e9favorables"},"content":{"rendered":"\t\t<div data-elementor-type=\"wp-page\" data-elementor-id=\"415\" class=\"elementor elementor-415\">\n\t\t\t\t\t\t\t\t\t<section class=\"elementor-section elementor-top-section elementor-element elementor-element-1bdae38f elementor-section-boxed elementor-section-height-default elementor-section-height-default\" data-id=\"1bdae38f\" data-element_type=\"section\">\n\t\t\t\t\t\t<div class=\"elementor-container elementor-column-gap-default\">\n\t\t\t\t\t<div class=\"elementor-column elementor-col-100 elementor-top-column elementor-element elementor-element-2ad5c157\" data-id=\"2ad5c157\" data-element_type=\"column\">\n\t\t\t<div class=\"elementor-widget-wrap elementor-element-populated\">\n\t\t\t\t\t\t\t\t<div class=\"elementor-element elementor-element-6cfbeee7 elementor-widget elementor-widget-text-editor\" data-id=\"6cfbeee7\" data-element_type=\"widget\" data-widget_type=\"text-editor.default\">\n\t\t\t\t<div class=\"elementor-widget-container\">\n\t\t\t<style>\/*! elementor - v3.6.6 - 08-06-2022 *\/\n.elementor-widget-text-editor.elementor-drop-cap-view-stacked .elementor-drop-cap{background-color:#818a91;color:#fff}.elementor-widget-text-editor.elementor-drop-cap-view-framed .elementor-drop-cap{color:#818a91;border:3px solid;background-color:transparent}.elementor-widget-text-editor:not(.elementor-drop-cap-view-default) .elementor-drop-cap{margin-top:8px}.elementor-widget-text-editor:not(.elementor-drop-cap-view-default) .elementor-drop-cap-letter{width:1em;height:1em}.elementor-widget-text-editor .elementor-drop-cap{float:left;text-align:center;line-height:1;font-size:50px}.elementor-widget-text-editor .elementor-drop-cap-letter{display:inline-block}<\/style>\t\t\t\t<p><!-- wp:paragraph --><\/p>\n<p>Selon notre analyse des donn\u00e9es (*), plus de 94% des contributions sont d\u00e9favorables :\n<\/p><ul><li>&nbsp;338 contributions<\/li><li>13 contributions favorables<\/li><li>6 r\u00e9serves<\/li><li>319 <b>contributions d\u00e9favorables<\/b><\/li><\/ul><p><img loading=\"lazy\" decoding=\"async\" class=\"alignnone size-medium wp-image-481\" src=\"http:\/\/nonalajonctionest.info\/wp-content\/uploads\/2022\/11\/Capture-decran-du-2022-11-04-18-10-11-300x263.png\" alt=\"\" width=\"300\" height=\"263\" srcset=\"https:\/\/nonalajonctionest.info\/wp-content\/uploads\/2022\/11\/Capture-decran-du-2022-11-04-18-10-11-300x263.png 300w, https:\/\/nonalajonctionest.info\/wp-content\/uploads\/2022\/11\/Capture-decran-du-2022-11-04-18-10-11.png 681w\" sizes=\"auto, (max-width: 300px) 100vw, 300px\" \/><\/p><p>(*) : apr\u00e8s double v\u00e9rification des donn\u00e9es publi\u00e9es sur le site Je Participe de Toulosue M\u00e9tropole<b><br><\/b><\/p>\n<p><!-- \/wp:paragraph --><\/p>\t\t\t\t\t\t<\/div>\n\t\t\t\t<\/div>\n\t\t\t\t\t<\/div>\n\t\t<\/div>\n\t\t\t\t\t\t\t<\/div>\n\t\t<\/section>\n\t\t\t\t\t\t\t<\/div>\n\t\t","protected":false},"excerpt":{"rendered":"<p>Selon notre analyse des donn\u00e9es (*), plus de 94% des contributions sont d\u00e9favorables : &nbsp;338 contributions 13 contributions favorables 6 r\u00e9serves 319 contributions d\u00e9favorables (*) : apr\u00e8s double v\u00e9rification des donn\u00e9es publi\u00e9es sur le site Je Participe de Toulosue M\u00e9tropole<\/p>\n","protected":false},"author":2,"featured_media":0,"parent":0,"menu_order":0,"comment_status":"closed","ping_status":"closed","template":"","meta":{"site-sidebar-layout":"default","site-content-layout":"default","ast-global-header-display":"","ast-main-header-display":"","ast-hfb-above-header-display":"","ast-hfb-below-header-display":"","ast-hfb-mobile-header-display":"","site-post-title":"","ast-breadcrumbs-content":"","ast-featured-img":"","footer-sml-layout":"","theme-transparent-header-meta":"","adv-header-id-meta":"","stick-header-meta":"","header-above-stick-meta":"","header-main-stick-meta":"","header-below-stick-meta":"","footnotes":""},"class_list":["post-415","page","type-page","status-publish","hentry"],"_links":{"self":[{"href":"https:\/\/nonalajonctionest.info\/index.php\/wp-json\/wp\/v2\/pages\/415","targetHints":{"allow":["GET"]}}],"collection":[{"href":"https:\/\/nonalajonctionest.info\/index.php\/wp-json\/wp\/v2\/pages"}],"about":[{"href":"https:\/\/nonalajonctionest.info\/index.php\/wp-json\/wp\/v2\/types\/page"}],"author":[{"embeddable":true,"href":"https:\/\/nonalajonctionest.info\/index.php\/wp-json\/wp\/v2\/users\/2"}],"replies":[{"embeddable":true,"href":"https:\/\/nonalajonctionest.info\/index.php\/wp-json\/wp\/v2\/comments?post=415"}],"version-history":[{"count":6,"href":"https:\/\/nonalajonctionest.info\/index.php\/wp-json\/wp\/v2\/pages\/415\/revisions"}],"predecessor-version":[{"id":485,"href":"https:\/\/nonalajonctionest.info\/index.php\/wp-json\/wp\/v2\/pages\/415\/revisions\/485"}],"wp:attachment":[{"href":"https:\/\/nonalajonctionest.info\/index.php\/wp-json\/wp\/v2\/media?parent=415"}],"curies":[{"name":"wp","href":"https:\/\/api.w.org\/{rel}","templated":true}]}}