{"id":451,"date":"2022-11-04T09:18:45","date_gmt":"2022-11-04T08:18:45","guid":{"rendered":"http:\/\/nonalajonctionest.info\/?page_id=451"},"modified":"2024-11-20T21:05:40","modified_gmt":"2024-11-20T20:05:40","slug":"contributions-des-collectifs-et-associations","status":"publish","type":"page","link":"https:\/\/nonalajonctionest.info\/index.php\/contributions-des-collectifs-et-associations\/","title":{"rendered":"Contributions des collectifs et associations"},"content":{"rendered":"\t\t<div data-elementor-type=\"wp-page\" data-elementor-id=\"451\" class=\"elementor elementor-451\">\n\t\t\t\t\t\t\t\t\t<section class=\"elementor-section elementor-top-section elementor-element elementor-element-1dac6d7a elementor-section-boxed elementor-section-height-default elementor-section-height-default\" data-id=\"1dac6d7a\" data-element_type=\"section\">\n\t\t\t\t\t\t<div class=\"elementor-container elementor-column-gap-default\">\n\t\t\t\t\t<div class=\"elementor-column elementor-col-100 elementor-top-column elementor-element elementor-element-399e792c\" data-id=\"399e792c\" data-element_type=\"column\">\n\t\t\t<div class=\"elementor-widget-wrap elementor-element-populated\">\n\t\t\t\t\t\t\t\t<div class=\"elementor-element elementor-element-220d5800 elementor-widget elementor-widget-text-editor\" data-id=\"220d5800\" data-element_type=\"widget\" data-widget_type=\"text-editor.default\">\n\t\t\t\t<div class=\"elementor-widget-container\">\n\t\t\t<style>\/*! elementor - v3.6.6 - 08-06-2022 *\/\n.elementor-widget-text-editor.elementor-drop-cap-view-stacked .elementor-drop-cap{background-color:#818a91;color:#fff}.elementor-widget-text-editor.elementor-drop-cap-view-framed .elementor-drop-cap{color:#818a91;border:3px solid;background-color:transparent}.elementor-widget-text-editor:not(.elementor-drop-cap-view-default) .elementor-drop-cap{margin-top:8px}.elementor-widget-text-editor:not(.elementor-drop-cap-view-default) .elementor-drop-cap-letter{width:1em;height:1em}.elementor-widget-text-editor .elementor-drop-cap{float:left;text-align:center;line-height:1;font-size:50px}.elementor-widget-text-editor .elementor-drop-cap-letter{display:inline-block}<\/style>\t\t\t\t<p>Des collectifs et associations ont propos\u00e9 des contributions riches, document\u00e9es et sourc\u00e9es. <a href=\"https:\/\/threadreaderapp.com\/thread\/1578994145665744896.html\" target=\"_blank\" rel=\"noopener\">Nous nous les pr\u00e9sentons<\/a> (<a href=\"https:\/\/twitter.com\/JonctionEstCNon\/status\/1578994145665744896?s=20&amp;t=IH-mX0uI6rJrYwDwtyd9HQ\" target=\"_blank\" rel=\"noopener\">sur Twitter<\/a>)<br \/>Notre contribution <a href=\"https:\/\/drive.google.com\/file\/d\/1cBdF7ClZxTkbAxi9ktnUIbe7XNDUPe82\/view?usp=sharing\" target=\"_blank\" rel=\"noopener\">Contribution du collectif Non A La Jonction Est Concertation 2022<\/a><\/p>\n<p><!-- \/wp:paragraph --><\/p>\t\t\t\t\t\t<\/div>\n\t\t\t\t<\/div>\n\t\t\t\t\t<\/div>\n\t\t<\/div>\n\t\t\t\t\t\t\t<\/div>\n\t\t<\/section>\n\t\t\t\t\t\t\t<\/div>\n\t\t","protected":false},"excerpt":{"rendered":"<p>Des collectifs et associations ont propos\u00e9 des contributions riches, document\u00e9es et sourc\u00e9es. Nous nous les pr\u00e9sentons (sur Twitter)Notre contribution Contribution du collectif Non A La Jonction Est Concertation 2022<\/p>\n","protected":false},"author":2,"featured_media":0,"parent":0,"menu_order":0,"comment_status":"closed","ping_status":"closed","template":"","meta":{"site-sidebar-layout":"default","site-content-layout":"default","ast-global-header-display":"","ast-main-header-display":"","ast-hfb-above-header-display":"","ast-hfb-below-header-display":"","ast-hfb-mobile-header-display":"","site-post-title":"","ast-breadcrumbs-content":"","ast-featured-img":"","footer-sml-layout":"","theme-transparent-header-meta":"","adv-header-id-meta":"","stick-header-meta":"","header-above-stick-meta":"","header-main-stick-meta":"","header-below-stick-meta":"","footnotes":""},"class_list":["post-451","page","type-page","status-publish","hentry"],"_links":{"self":[{"href":"https:\/\/nonalajonctionest.info\/index.php\/wp-json\/wp\/v2\/pages\/451","targetHints":{"allow":["GET"]}}],"collection":[{"href":"https:\/\/nonalajonctionest.info\/index.php\/wp-json\/wp\/v2\/pages"}],"about":[{"href":"https:\/\/nonalajonctionest.info\/index.php\/wp-json\/wp\/v2\/types\/page"}],"author":[{"embeddable":true,"href":"https:\/\/nonalajonctionest.info\/index.php\/wp-json\/wp\/v2\/users\/2"}],"replies":[{"embeddable":true,"href":"https:\/\/nonalajonctionest.info\/index.php\/wp-json\/wp\/v2\/comments?post=451"}],"version-history":[{"count":10,"href":"https:\/\/nonalajonctionest.info\/index.php\/wp-json\/wp\/v2\/pages\/451\/revisions"}],"predecessor-version":[{"id":1179,"href":"https:\/\/nonalajonctionest.info\/index.php\/wp-json\/wp\/v2\/pages\/451\/revisions\/1179"}],"wp:attachment":[{"href":"https:\/\/nonalajonctionest.info\/index.php\/wp-json\/wp\/v2\/media?parent=451"}],"curies":[{"name":"wp","href":"https:\/\/api.w.org\/{rel}","templated":true}]}}