{"id":486,"date":"2022-11-04T18:30:42","date_gmt":"2022-11-04T17:30:42","guid":{"rendered":"http:\/\/nonalajonctionest.info\/?page_id=486"},"modified":"2022-11-04T18:40:51","modified_gmt":"2022-11-04T17:40:51","slug":"les-contributions-a-la-concertation-dans-le-temps","status":"publish","type":"page","link":"https:\/\/nonalajonctionest.info\/index.php\/les-contributions-a-la-concertation-dans-le-temps\/","title":{"rendered":"Les contributions \u00e0 la concertation dans le temps"},"content":{"rendered":"\t\t<div data-elementor-type=\"wp-page\" data-elementor-id=\"486\" class=\"elementor elementor-486\">\n\t\t\t\t\t\t\t\t\t<section class=\"elementor-section elementor-top-section elementor-element elementor-element-bd20904 elementor-section-boxed elementor-section-height-default elementor-section-height-default\" data-id=\"bd20904\" data-element_type=\"section\">\n\t\t\t\t\t\t<div class=\"elementor-container elementor-column-gap-default\">\n\t\t\t\t\t<div class=\"elementor-column elementor-col-100 elementor-top-column elementor-element elementor-element-2b34c46\" data-id=\"2b34c46\" data-element_type=\"column\">\n\t\t\t<div class=\"elementor-widget-wrap elementor-element-populated\">\n\t\t\t\t\t\t\t\t<div class=\"elementor-element elementor-element-905593f elementor-widget elementor-widget-text-editor\" data-id=\"905593f\" data-element_type=\"widget\" data-widget_type=\"text-editor.default\">\n\t\t\t\t<div class=\"elementor-widget-container\">\n\t\t\t<style>\/*! elementor - v3.6.6 - 08-06-2022 *\/\n.elementor-widget-text-editor.elementor-drop-cap-view-stacked .elementor-drop-cap{background-color:#818a91;color:#fff}.elementor-widget-text-editor.elementor-drop-cap-view-framed .elementor-drop-cap{color:#818a91;border:3px solid;background-color:transparent}.elementor-widget-text-editor:not(.elementor-drop-cap-view-default) .elementor-drop-cap{margin-top:8px}.elementor-widget-text-editor:not(.elementor-drop-cap-view-default) .elementor-drop-cap-letter{width:1em;height:1em}.elementor-widget-text-editor .elementor-drop-cap{float:left;text-align:center;line-height:1;font-size:50px}.elementor-widget-text-editor .elementor-drop-cap-letter{display:inline-block}<\/style>\t\t\t\t<p>On note une nette augmentation des r\u00e9ponses en septembre et sur les derniers jours de la concertation.<\/p>\n<ul>\n<li>Il y a eu pr\u00e8s de 7 fois moins de contribution pendant les mois de Juin, Juillet et Ao\u00fbt qu&rsquo;en Septembre<\/li>\n<li>Le nombre de contributions a doubl\u00e9 la derni\u00e8re semaine<\/li>\n<\/ul>\n<p><img loading=\"lazy\" decoding=\"async\" class=\"alignnone size-medium wp-image-488\" src=\"http:\/\/nonalajonctionest.info\/wp-content\/uploads\/2022\/11\/Capture-decran-du-2022-11-04-17-54-50-300x108.png\" alt=\"\" width=\"300\" height=\"108\" srcset=\"https:\/\/nonalajonctionest.info\/wp-content\/uploads\/2022\/11\/Capture-decran-du-2022-11-04-17-54-50-300x108.png 300w, https:\/\/nonalajonctionest.info\/wp-content\/uploads\/2022\/11\/Capture-decran-du-2022-11-04-17-54-50-1024x369.png 1024w, https:\/\/nonalajonctionest.info\/wp-content\/uploads\/2022\/11\/Capture-decran-du-2022-11-04-17-54-50-768x277.png 768w, https:\/\/nonalajonctionest.info\/wp-content\/uploads\/2022\/11\/Capture-decran-du-2022-11-04-17-54-50.png 1225w\" sizes=\"auto, (max-width: 300px) 100vw, 300px\" \/><\/p>\n<p><a href=\"https:\/\/twitter.com\/JonctionEstCNon\/status\/1571393624667230208?s=20&amp;t=QHcKnksU-QqANa6DWNStOw\" target=\"_blank\">La lettre d&rsquo;information de Vinci Autoroutes \u00e0 ses clients<\/a> n&rsquo;a pas chang\u00e9 la donne de la participation.<\/p>\n<p>Elle aurait pour autant contribu\u00e9 \u00e0 faire doubler le nombre d&rsquo;avis favorables (qui reste peu significatif).<\/p>\n<p><img loading=\"lazy\" decoding=\"async\" class=\"alignnone size-medium wp-image-489\" src=\"http:\/\/nonalajonctionest.info\/wp-content\/uploads\/2022\/11\/Capture-decran-du-2022-11-04-18-27-45-300x82.png\" alt=\"\" width=\"300\" height=\"82\" srcset=\"https:\/\/nonalajonctionest.info\/wp-content\/uploads\/2022\/11\/Capture-decran-du-2022-11-04-18-27-45-300x82.png 300w, https:\/\/nonalajonctionest.info\/wp-content\/uploads\/2022\/11\/Capture-decran-du-2022-11-04-18-27-45-1024x279.png 1024w, https:\/\/nonalajonctionest.info\/wp-content\/uploads\/2022\/11\/Capture-decran-du-2022-11-04-18-27-45-768x209.png 768w, https:\/\/nonalajonctionest.info\/wp-content\/uploads\/2022\/11\/Capture-decran-du-2022-11-04-18-27-45.png 1441w\" sizes=\"auto, (max-width: 300px) 100vw, 300px\" \/><\/p>\n<p><\/p>\t\t\t\t\t\t<\/div>\n\t\t\t\t<\/div>\n\t\t\t\t\t<\/div>\n\t\t<\/div>\n\t\t\t\t\t\t\t<\/div>\n\t\t<\/section>\n\t\t\t\t\t\t\t<\/div>\n\t\t","protected":false},"excerpt":{"rendered":"<p>On note une nette augmentation des r\u00e9ponses en septembre et sur les derniers jours de la concertation. Il y a eu pr\u00e8s de 7 fois moins de contribution pendant les mois de Juin, Juillet et Ao\u00fbt qu&rsquo;en Septembre Le nombre de contributions a doubl\u00e9 la derni\u00e8re semaine La lettre d&rsquo;information de Vinci Autoroutes \u00e0 ses &hellip;<\/p>\n<p class=\"read-more\"> <a class=\"\" href=\"https:\/\/nonalajonctionest.info\/index.php\/les-contributions-a-la-concertation-dans-le-temps\/\"> <span class=\"screen-reader-text\">Les contributions \u00e0 la concertation dans le temps<\/span> Lire la suite\u00a0\u00bb<\/a><\/p>\n","protected":false},"author":2,"featured_media":0,"parent":0,"menu_order":0,"comment_status":"closed","ping_status":"closed","template":"","meta":{"site-sidebar-layout":"no-sidebar","site-content-layout":"page-builder","ast-global-header-display":"","ast-main-header-display":"","ast-hfb-above-header-display":"","ast-hfb-below-header-display":"","ast-hfb-mobile-header-display":"","site-post-title":"disabled","ast-breadcrumbs-content":"","ast-featured-img":"disabled","footer-sml-layout":"","theme-transparent-header-meta":"","adv-header-id-meta":"","stick-header-meta":"","header-above-stick-meta":"","header-main-stick-meta":"","header-below-stick-meta":"","footnotes":""},"class_list":["post-486","page","type-page","status-publish","hentry"],"_links":{"self":[{"href":"https:\/\/nonalajonctionest.info\/index.php\/wp-json\/wp\/v2\/pages\/486","targetHints":{"allow":["GET"]}}],"collection":[{"href":"https:\/\/nonalajonctionest.info\/index.php\/wp-json\/wp\/v2\/pages"}],"about":[{"href":"https:\/\/nonalajonctionest.info\/index.php\/wp-json\/wp\/v2\/types\/page"}],"author":[{"embeddable":true,"href":"https:\/\/nonalajonctionest.info\/index.php\/wp-json\/wp\/v2\/users\/2"}],"replies":[{"embeddable":true,"href":"https:\/\/nonalajonctionest.info\/index.php\/wp-json\/wp\/v2\/comments?post=486"}],"version-history":[{"count":4,"href":"https:\/\/nonalajonctionest.info\/index.php\/wp-json\/wp\/v2\/pages\/486\/revisions"}],"predecessor-version":[{"id":492,"href":"https:\/\/nonalajonctionest.info\/index.php\/wp-json\/wp\/v2\/pages\/486\/revisions\/492"}],"wp:attachment":[{"href":"https:\/\/nonalajonctionest.info\/index.php\/wp-json\/wp\/v2\/media?parent=486"}],"curies":[{"name":"wp","href":"https:\/\/api.w.org\/{rel}","templated":true}]}}