{"id":58,"date":"2022-05-14T22:27:49","date_gmt":"2022-05-14T20:27:49","guid":{"rendered":"http:\/\/nonalajonctionest.info\/?page_id=58"},"modified":"2022-05-29T22:41:24","modified_gmt":"2022-05-29T20:41:24","slug":"historique-du-projet","status":"publish","type":"page","link":"https:\/\/nonalajonctionest.info\/index.php\/historique-du-projet\/","title":{"rendered":"Historique du projet"},"content":{"rendered":"\n<p><strong>Nous suivons ce projet avec attention depuis quelques ann\u00e9es. Nous relevons que la m\u00e9tropole s\u2019ent\u00eate !<\/strong><\/p>\n\n\n\n<p><\/p>\n\n\n\n<p><strong>Le projet semblait taill\u00e9 pour la clinique \u201cla Croix du Sud\u201d ;<\/strong> il arrivera plusieurs ann\u00e9es apr\u00e8s sa mise en service sans saturer le plan de transport \u2026 mais la m\u00e9tropole continue !<\/p>\n\n\n\n<p><\/p>\n\n\n\n<p><strong>L\u2019op\u00e9rateur des autoroutes annonce que le projet va g\u00e9n\u00e9rer un engorgement de la rocade<\/strong> et qu\u2019il faut ajouter une voix suppl\u00e9mentaire\u2026 mais la m\u00e9tropole continue !<\/p>\n\n\n\n<p><\/p>\n\n\n\n<p><strong>Le projet co\u00fbte plus cher<\/strong> alors que les financements se r\u00e9duisent\u2026 mais la &nbsp;&nbsp;&nbsp; m\u00e9tropole continue !<\/p>\n\n\n\n<p><\/p>\n\n\n\n<p><strong>Les \u00e9tudes de trafic indiquent que la \u00ab Jonction Est \u00bb ne permettra pas de r\u00e9duire le trafic <\/strong>de mani\u00e8re significative \u2013 alors que c\u2019est le principal argument pour le projet\u2026 mais la m\u00e9tropole continue !<\/p>\n\n\n\n<p><\/p>\n\n\n\n<p><strong>Nous sommes en 2022, le contexte a chang\u00e9 depuis le lancement du p<\/strong>rojet : les &nbsp;&nbsp;&nbsp; trois volets du rapport du GIEC, la Strat\u00e9gie Nationale Bas &nbsp;&nbsp;&nbsp; Carbone, la Zone de Faible \u00c9mission (ZFE). Le trafic routier doit diminuer, il diminue d\u00e9j\u00e0 comme le constate l\u2019association 2P2R\u2026 mais la m\u00e9tropole continue !<\/p>\n\n\n\n<p><\/p>\n","protected":false},"excerpt":{"rendered":"<p>Nous suivons ce projet avec attention depuis quelques ann\u00e9es. Nous relevons que la m\u00e9tropole s\u2019ent\u00eate ! Le projet semblait taill\u00e9 pour la clinique \u201cla Croix du Sud\u201d ; il arrivera plusieurs ann\u00e9es apr\u00e8s sa mise en service sans saturer le plan de transport \u2026 mais la m\u00e9tropole continue ! L\u2019op\u00e9rateur des autoroutes annonce que le &hellip;<\/p>\n<p class=\"read-more\"> <a class=\"\" href=\"https:\/\/nonalajonctionest.info\/index.php\/historique-du-projet\/\"> <span class=\"screen-reader-text\">Historique du projet<\/span> Lire la suite\u00a0\u00bb<\/a><\/p>\n","protected":false},"author":3,"featured_media":0,"parent":0,"menu_order":0,"comment_status":"closed","ping_status":"closed","template":"","meta":{"site-sidebar-layout":"right-sidebar","site-content-layout":"content-boxed-container","ast-global-header-display":"","ast-main-header-display":"","ast-hfb-above-header-display":"","ast-hfb-below-header-display":"","ast-hfb-mobile-header-display":"","site-post-title":"","ast-breadcrumbs-content":"","ast-featured-img":"disabled","footer-sml-layout":"","theme-transparent-header-meta":"","adv-header-id-meta":"","stick-header-meta":"","header-above-stick-meta":"","header-main-stick-meta":"","header-below-stick-meta":"","footnotes":""},"class_list":["post-58","page","type-page","status-publish","hentry"],"_links":{"self":[{"href":"https:\/\/nonalajonctionest.info\/index.php\/wp-json\/wp\/v2\/pages\/58","targetHints":{"allow":["GET"]}}],"collection":[{"href":"https:\/\/nonalajonctionest.info\/index.php\/wp-json\/wp\/v2\/pages"}],"about":[{"href":"https:\/\/nonalajonctionest.info\/index.php\/wp-json\/wp\/v2\/types\/page"}],"author":[{"embeddable":true,"href":"https:\/\/nonalajonctionest.info\/index.php\/wp-json\/wp\/v2\/users\/3"}],"replies":[{"embeddable":true,"href":"https:\/\/nonalajonctionest.info\/index.php\/wp-json\/wp\/v2\/comments?post=58"}],"version-history":[{"count":9,"href":"https:\/\/nonalajonctionest.info\/index.php\/wp-json\/wp\/v2\/pages\/58\/revisions"}],"predecessor-version":[{"id":135,"href":"https:\/\/nonalajonctionest.info\/index.php\/wp-json\/wp\/v2\/pages\/58\/revisions\/135"}],"wp:attachment":[{"href":"https:\/\/nonalajonctionest.info\/index.php\/wp-json\/wp\/v2\/media?parent=58"}],"curies":[{"name":"wp","href":"https:\/\/api.w.org\/{rel}","templated":true}]}}