{"id":595,"date":"2023-02-06T06:38:17","date_gmt":"2023-02-06T05:38:17","guid":{"rendered":"http:\/\/nonalajonctionest.info\/?page_id=595"},"modified":"2023-03-19T11:22:15","modified_gmt":"2023-03-19T10:22:15","slug":"nos-communiques-de-presse","status":"publish","type":"page","link":"https:\/\/nonalajonctionest.info\/index.php\/nos-communiques-de-presse\/","title":{"rendered":"Nos communiqu\u00e9s de presse"},"content":{"rendered":"\n<p><\/p>\n\n\n\n<p>Une concertation non respect\u00e9e !  Alors que 94% des avis publi\u00e9s sur le site JeParticipe de Toulouse M\u00e9tropole  sont contre le projet de l\u2019\u00e9changeur Jonction Est,  les \u00e9lus approuvent majoritairement le bilan qui propose de poursuivre le  projet tel que pr\u00e9sent\u00e9 !Le 16 f\u00e9vrier 2023<\/p>\n\n\n\n<p>LE PROJET DE JONCTION EST-IL VRAIMENT INDISPENSABLE ? R\u00e9ponse aux huit Maires de Toulouse et de l&rsquo;Est toulousain qui r\u00e9clament la Jonction Est, Le 24 janvier 2023<\/p>\n","protected":false},"excerpt":{"rendered":"<p>Une concertation non respect\u00e9e ! Alors que 94% des avis publi\u00e9s sur le site JeParticipe de Toulouse M\u00e9tropole sont contre le projet de l\u2019\u00e9changeur Jonction Est, les \u00e9lus approuvent majoritairement le bilan qui propose de poursuivre le projet tel que pr\u00e9sent\u00e9 !Le 16 f\u00e9vrier 2023 LE PROJET DE JONCTION EST-IL VRAIMENT INDISPENSABLE ? R\u00e9ponse aux &hellip;<\/p>\n<p class=\"read-more\"> <a class=\"\" href=\"https:\/\/nonalajonctionest.info\/index.php\/nos-communiques-de-presse\/\"> <span class=\"screen-reader-text\">Nos communiqu\u00e9s de presse<\/span> Lire la suite\u00a0\u00bb<\/a><\/p>\n","protected":false},"author":2,"featured_media":0,"parent":0,"menu_order":0,"comment_status":"closed","ping_status":"closed","template":"","meta":{"site-sidebar-layout":"default","site-content-layout":"default","ast-global-header-display":"","ast-main-header-display":"","ast-hfb-above-header-display":"","ast-hfb-below-header-display":"","ast-hfb-mobile-header-display":"","site-post-title":"","ast-breadcrumbs-content":"","ast-featured-img":"","footer-sml-layout":"","theme-transparent-header-meta":"","adv-header-id-meta":"","stick-header-meta":"","header-above-stick-meta":"","header-main-stick-meta":"","header-below-stick-meta":"","footnotes":""},"class_list":["post-595","page","type-page","status-publish","hentry"],"_links":{"self":[{"href":"https:\/\/nonalajonctionest.info\/index.php\/wp-json\/wp\/v2\/pages\/595","targetHints":{"allow":["GET"]}}],"collection":[{"href":"https:\/\/nonalajonctionest.info\/index.php\/wp-json\/wp\/v2\/pages"}],"about":[{"href":"https:\/\/nonalajonctionest.info\/index.php\/wp-json\/wp\/v2\/types\/page"}],"author":[{"embeddable":true,"href":"https:\/\/nonalajonctionest.info\/index.php\/wp-json\/wp\/v2\/users\/2"}],"replies":[{"embeddable":true,"href":"https:\/\/nonalajonctionest.info\/index.php\/wp-json\/wp\/v2\/comments?post=595"}],"version-history":[{"count":5,"href":"https:\/\/nonalajonctionest.info\/index.php\/wp-json\/wp\/v2\/pages\/595\/revisions"}],"predecessor-version":[{"id":638,"href":"https:\/\/nonalajonctionest.info\/index.php\/wp-json\/wp\/v2\/pages\/595\/revisions\/638"}],"wp:attachment":[{"href":"https:\/\/nonalajonctionest.info\/index.php\/wp-json\/wp\/v2\/media?parent=595"}],"curies":[{"name":"wp","href":"https:\/\/api.w.org\/{rel}","templated":true}]}}